{"id":10982,"date":"2024-01-18T17:33:29","date_gmt":"2024-01-18T13:33:29","guid":{"rendered":"https:\/\/anodic.ae\/?post_type=product&#038;p=10982"},"modified":"2024-01-18T17:36:17","modified_gmt":"2024-01-18T13:36:17","slug":"sony-ps-5-dualsence-controller-grey-camo","status":"publish","type":"product","link":"https:\/\/shop.amplesme.com\/?product=sony-ps-5-dualsence-controller-grey-camo","title":{"rendered":"Sony PS 5 Dualsence Controller &#8211; Grey Camo"},"content":{"rendered":"<ul class=\"a-unordered-list a-vertical a-spacing-mini\">\n<li class=\"a-spacing-mini\"><span class=\"a-list-item\">Ellerinizdeki aksiyonun hayata ge\u00e7mesini sa\u011flayan daha yo\u011fun ve b\u00fcy\u00fcleyici bir oyun deneyimini ke\u015ffedin<\/span><\/li>\n<li class=\"a-spacing-mini\"><span class=\"a-list-item\">DualSense kablosuz kontrol cihaz\u0131 s\u00fcr\u00fckleyici dokunma hissine sahip geri bildirim, dinamik uyarlamal\u0131 tetikleme ve entegre bir mikrofon sunar \u2013 ve hepsi ikonik ve konforlu bir tasar\u0131ma sahiptir<\/span><\/li>\n<li class=\"a-spacing-mini\"><span class=\"a-list-item\">Oyunda ekipman\u0131n\u0131zla ve \u00e7evrenizle etkile\u015fime girdi\u011finizde farkl\u0131 g\u00fc\u00e7 ve gerilim seviyelerini ya\u015fay\u0131n<\/span><\/li>\n<li class=\"a-spacing-mini\"><span class=\"a-list-item\">Do\u011frudan entegre mikrofona konu\u015farak veya 3,5 mm ba\u011flant\u0131 noktas\u0131na bir kulakl\u0131k ba\u011flayarak arkada\u015flar\u0131n\u0131zla \u00e7evrim i\u00e7i sohbet edin<\/span><\/li>\n<li class=\"a-spacing-mini\"><span class=\"a-list-item\">\u0130konik ve sezgisel bir d\u00fczeni iyile\u015ftirilmi\u015f \u00e7ubuklar ve yeni tasarlanm\u0131\u015f \u0131\u015f\u0131k \u015feridi ile birle\u015ftiren geli\u015fmi\u015f iki renkli tasar\u0131mla kontrol\u00fc ele al\u0131n<\/span><\/li>\n<\/ul>\n","protected":false},"excerpt":{"rendered":"<p>Ellerinizdeki aksiyonun hayata ge\u00e7mesini sa\u011flayan daha yo\u011fun ve b\u00fcy\u00fcleyici bir oyun deneyimini ke\u015ffedin DualSense kablosuz kontrol cihaz\u0131 s\u00fcr\u00fckleyici dokunma hissine<\/p>\n","protected":false},"featured_media":10983,"comment_status":"open","ping_status":"closed","template":"","meta":[],"product_cat":[147],"product_tag":[],"class_list":{"0":"post-10982","1":"product","2":"type-product","3":"status-publish","4":"has-post-thumbnail","6":"product_cat-videogames","8":"first","9":"instock","10":"sale","11":"taxable","12":"shipping-taxable","13":"purchasable","14":"product-type-simple"},"_links":{"self":[{"href":"https:\/\/shop.amplesme.com\/index.php?rest_route=\/wp\/v3\/product\/10982","targetHints":{"allow":["GET"]}}],"collection":[{"href":"https:\/\/shop.amplesme.com\/index.php?rest_route=\/wp\/v3\/product"}],"about":[{"href":"https:\/\/shop.amplesme.com\/index.php?rest_route=\/wp\/v2\/types\/product"}],"replies":[{"embeddable":true,"href":"https:\/\/shop.amplesme.com\/index.php?rest_route=%2Fwp%2Fv2%2Fcomments&post=10982"}],"wp:featuredmedia":[{"embeddable":true,"href":"https:\/\/shop.amplesme.com\/index.php?rest_route=\/wp\/v2\/media\/10983"}],"wp:attachment":[{"href":"https:\/\/shop.amplesme.com\/index.php?rest_route=%2Fwp%2Fv2%2Fmedia&parent=10982"}],"wp:term":[{"taxonomy":"product_cat","embeddable":true,"href":"https:\/\/shop.amplesme.com\/index.php?rest_route=%2Fwp%2Fv2%2Fproduct_cat&post=10982"},{"taxonomy":"product_tag","embeddable":true,"href":"https:\/\/shop.amplesme.com\/index.php?rest_route=%2Fwp%2Fv2%2Fproduct_tag&post=10982"}],"curies":[{"name":"wp","href":"https:\/\/api.w.org\/{rel}","templated":true}]}}